{"id":1038,"date":"2025-02-16T11:38:15","date_gmt":"2025-02-16T11:38:15","guid":{"rendered":"https:\/\/bionano-projects.imn-cnm.csic.es\/template\/about\/"},"modified":"2025-11-13T08:15:59","modified_gmt":"2025-11-13T08:15:59","slug":"about","status":"publish","type":"page","link":"https:\/\/bionanomechanics.eu\/oncodeeplasm\/about\/","title":{"rendered":"Publications"},"content":{"rendered":"\n<div class=\"wp-block-uagb-container uagb-block-c61f8af5 alignfull uagb-is-root-container\"><div class=\"uagb-container-inner-blocks-wrap\">\n<div class=\"wp-block-uagb-advanced-heading uagb-block-a9f61422\"><h1 class=\"uagb-heading-text\">Publications<\/h1><\/div>\n<\/div><\/div>\n\n\n\n<div class=\"wp-block-uagb-container uagb-block-610697dd alignfull uagb-is-root-container\"><div class=\"uagb-container-inner-blocks-wrap\">\n<div class=\"wp-block-group is-layout-constrained wp-container-core-group-is-layout-db9edeb8 wp-block-group-is-layout-constrained\">\n<div class=\"wp-block-uagb-tabs uagb-block-84f7eb58 uagb-tabs__wrap uagb-tabs__hstyle1-desktop uagb-tabs__vstyle6-tablet uagb-tabs__stack1-mobile\" data-tab-active=\"0\"><ul class=\"uagb-tabs__panel uagb-tabs__align-left\" role=\"tablist\"><li class=\"uagb-tab uagb-tabs__active\" role=\"none\"><a href=\"#uagb-tabs__tab0\" class=\"uagb-tabs-list uagb-tabs__icon-position-left\" data-tab=\"0\" role=\"tab\"><div>Publications<\/div><\/a><\/li><\/ul><div class=\"uagb-tabs__body-wrap\">\n<div class=\"wp-block-uagb-tabs-child uagb-tabs__body-container uagb-inner-tab-0\" aria-labelledby=\"uagb-tabs__tab0\">\n<ol class=\"wp-block-list\">\n<li>Size characterization of plasmonicnanoparticles with dark\u2011field singleparticle spectrophotometry, Rodrigo Calvo, Andreas Thon, Asis Saad, Antonio Salvador\u2011Matar, Miguel Manso\u2011Silv\u00e1n, \u00d3scar Ahumada &amp; Valerio Pini, Scientific Reports volume&nbsp;12, Article&nbsp;number:&nbsp;17231 (2022) https:\/\/doi.org\/10.1038\/s41598-022-21649-8<\/li>\n\n\n\n<li>Calvo R, Pini V, Thon A, Saad A, Salvador-Matar A, Manso Silv\u00e1n M, Ahumada \u00d3. Amplitude-Resolved Single Particle Spectrophotometry: A Robust Tool for High-Throughput Size Characterization of Plasmonic Nanoparticles. <em>Nanomaterials<\/em>. 2023; 13(17):2401. https:\/\/doi.org\/10.3390\/nano13172401<\/li>\n\n\n\n<li>Calvo R, Rodriguez Mariblanca I, Pini V, Dias M, Cebrian V, Thon A, Saad A, Salvador-Matar A, Ahumada \u00d3, Manso Silv\u00e1n M, et al. Novel Characterization Techniques for Multifunctional Plasmonic\u2013Magnetic Nanoparticles in Biomedical Applications. <em>Nanomaterials<\/em>. 2023; 13(22):2929. https:\/\/doi.org\/10.3390\/nano13222929<\/li>\n\n\n\n<li>Measuring Vibrational Modes in Living Human Cells, Ver\u00f3nica Puerto-Belda, Jose J. Ruz, Carmen Mill\u00e1, \u00c1lvaro Cano, Marina L. Yubero, Sergio Garc\u00eda, Priscila M. Kosaka, Montserrat Calleja, and Javier Tamayo, PRX Life <strong>2<\/strong>, 013003 <strong>, 2024, <\/strong>DOI: https:\/\/doi.org\/10.1103\/PRXLife.2.013003<\/li>\n\n\n\n<li>Nanomechanical Sensing for Mass Flow Control in Nanowire-Based Open Nanofluidic Systems, Javier E. Escobar, Juan Molina, Eduardo Gil-Santos, Jos\u00e9 J. Ruz, \u00d3scar Malvar, Priscila M. Kosaka, Javier Tamayo, \u00c1lvaro San Paulo, and Montserrat Calleja, ACS Nano 2023 17 (21), 21044-21055, DOI: 10.1021\/acsnano.3c04020<\/li>\n\n\n\n<li>Rapid mechanical phenotyping of breast cancer cells based on stochastic intracellular fluctuations, \u00c1lvaro Cano, Marina L. Yubero, Carmen Mill\u00e1, Ver\u00f3nica Puerto-Belda, Jose J. Ruz, Priscila M. Kosaka, Montserrat Calleja, Marcos Malumbres, Javier Tamayo, iScience, 27, 110960, 2024 , https:\/\/doi.org\/10.1016\/j.isci.2024.110960<\/li>\n\n\n\n<li>Simultaneous Optical and Mechanical Sensing Based on Optomechanical Resonators<\/li>\n\n\n\n<li>Elena Sentre-Arribas, Alicia Aparicio-Mill\u00e1n, Aristide Lema\u00eetre, Ivan Favero, Javier Tamayo, Montserrat Calleja, and Eduardo Gil-Santos, ACS Sensors 2024 9 (1), 371-378, DOI: 10.1021\/acssensors.3c02103<\/li>\n\n\n\n<li>Square Membrane Resonators Supporting Degenerate Modes of Vibration for High-Throughput Mass Spectrometry of Single Bacterial Cells, Adri\u00e1n Sanz-Jim\u00e9nez, Jose J. Ruz, Eduardo Gil-Santos, Oscar Malvar, Sergio Garc\u00eda-L\u00f3pez, Priscila M. Kosaka, \u00c1lvaro Cano, Montserrat Calleja, and Javier Tamayo, ACS Sensors 2023 8 (5), 2060-2067, DOI: 10.1021\/acssensors.3c00338<\/li>\n\n\n\n<li><em>High-throughput nanoscale metrology of ultrathin inert and functionalized dielectric substrates using plasmonic nanoparticles<\/em>, <em>Tamara Mu\u00f1oz-Ortiz, * Valerio Pini, Andreas Thon, Carmen Linares, Teresa Ram\u00f3n, Virginia Cebri\u00e1n and \u00d3scar Ahumada\u00a0<\/em>, Nanoscale, Advance article, 2025, <em>\u00a0\u00a0\u00a0\u00a0\u00a0\u00a0\u00a0\u00a0\u00a0\u00a0\u00a0\u00a0\u00a0\u00a0\u00a0\u00a0\u00a0\u00a0\u00a0\u00a0\u00a0\u00a0\u00a0\u00a0\u00a0\u00a0\u00a0\u00a0<\/em><br><em>DOI: 10.1039\/d5nr02972d\u00a0\u00a0\u00a0\u00a0\u00a0\u00a0\u00a0\u00a0\u00a0\u00a0<\/em><br><em><a href=\"https:\/\/pubs.rsc.org\/en\/content\/articlepdf\/2025\/nr\/d5nr02972d\">https:\/\/pubs.rsc.org\/en\/content\/articlepdf\/2025\/nr\/d5nr02972d<\/a><\/em><\/li>\n<\/ol>\n<\/div>\n<\/div><\/div>\n<\/div>\n<\/div><\/div>\n\n\n\n<div class=\"wp-block-uagb-container uagb-block-79cf241d alignfull uagb-is-root-container\"><div class=\"uagb-container-inner-blocks-wrap\">\n<div class=\"wp-block-uagb-advanced-heading uagb-block-5ad12d8d\"><h3 class=\"uagb-heading-text\">\u00danete a nuestra investigaci\u00f3n<\/h3><\/div>\n\n\n\n<div class=\"wp-block-uagb-buttons uagb-buttons__outer-wrap uagb-btn__default-btn uagb-btn-tablet__default-btn uagb-btn-mobile__default-btn uagb-block-d0d5ca1d\"><div class=\"uagb-buttons__wrap uagb-buttons-layout-wrap \">\n<div class=\"wp-block-uagb-buttons-child uagb-buttons__outer-wrap uagb-block-9f80772e wp-block-button\"><div class=\"uagb-button__wrapper\"><a class=\"uagb-buttons-repeater wp-block-button__link\" aria-label=\"\" href=\"contact\/\" rel=\"follow noopener\" target=\"_self\" role=\"button\"><div class=\"uagb-button__link\">Contacto<\/div><\/a><\/div><\/div>\n<\/div><\/div>\n<\/div><\/div>\n\n\n\n<div class=\"wp-block-uagb-container uagb-block-b5f2dd4a alignwide uagb-is-root-container\">\n<div class=\"wp-block-uagb-container uagb-block-50082671\">\n<div class=\"wp-block-uagb-info-box uagb-block-8768d98f uagb-infobox__content-wrap  uagb-infobox-icon-above-title uagb-infobox-image-valign-top wp-block-uagb-info-box--has-margin\"><div class=\"uagb-infobox-margin-wrapper\"><div class=\"uagb-ifb-content\"><div class=\"uagb-ifb-title-wrap\"><h2 class=\"uagb-ifb-title\">Agradecimientos<\/h2><\/div><p class=\"uagb-ifb-desc\">Un proyecto financiado por el Ministerio<br> de Ciencia e Innovaci\u00f3n, los fondos <br>NextGenerationEU, el Plan de <br>Recuperaci\u00f3n, Transformaci\u00f3n y <br>Resiliencia y la Agencia Estatal <br>de Investigaci\u00f3n. <\/p><div class=\"uagb-ifb-button-wrapper wp-block-button\"><a href=\"\/oncodeeplasm\/contact\/\" class=\"uagb-infobox-cta-link wp-block-button__link\" target=\"_self\" rel=\"noopener noreferrer\" onclick=\"return true;\"><span class=\"uagb-inline-editing\">Contacto<\/span><\/a><\/div><\/div><\/div><\/div>\n<\/div>\n\n\n\n<div class=\"wp-block-uagb-container uagb-block-7dfed23c alignwide uagb-is-root-container\">\n<figure class=\"wp-block-image size-full\"><img loading=\"lazy\" decoding=\"async\" width=\"852\" height=\"401\" src=\"https:\/\/bionanomechanics.eu\/oncodeeplasm\/wp-content\/uploads\/sites\/4\/2025\/06\/entidades_oncodeplasm_43.png\" alt=\"\" class=\"wp-image-1274\" srcset=\"https:\/\/bionanomechanics.eu\/oncodeeplasm\/wp-content\/uploads\/sites\/4\/2025\/06\/entidades_oncodeplasm_43.png 852w, https:\/\/bionanomechanics.eu\/oncodeeplasm\/wp-content\/uploads\/sites\/4\/2025\/06\/entidades_oncodeplasm_43-300x141.png 300w, https:\/\/bionanomechanics.eu\/oncodeeplasm\/wp-content\/uploads\/sites\/4\/2025\/06\/entidades_oncodeplasm_43-768x361.png 768w\" sizes=\"auto, (max-width: 852px) 100vw, 852px\" \/><\/figure>\n<\/div>\n<\/div>\n\n\n\n<p><\/p>\n","protected":false},"excerpt":{"rendered":"<p>Publications \u00danete a nuestra investigaci\u00f3n<\/p>\n","protected":false},"author":1,"featured_media":0,"parent":0,"menu_order":0,"comment_status":"closed","ping_status":"closed","template":"","meta":{"_uag_custom_page_level_css":"","site-sidebar-layout":"default","site-content-layout":"","ast-site-content-layout":"default","site-content-style":"default","site-sidebar-style":"default","ast-global-header-display":"","ast-banner-title-visibility":"","ast-main-header-display":"","ast-hfb-above-header-display":"","ast-hfb-below-header-display":"","ast-hfb-mobile-header-display":"","site-post-title":"disabled","ast-breadcrumbs-content":"","ast-featured-img":"","footer-sml-layout":"","ast-disable-related-posts":"","theme-transparent-header-meta":"default","adv-header-id-meta":"","stick-header-meta":"","header-above-stick-meta":"","header-main-stick-meta":"","header-below-stick-meta":"","astra-migrate-meta-layouts":"set","ast-page-background-enabled":"default","ast-page-background-meta":{"desktop":{"background-color":"var(--ast-global-color-4)","background-image":"","background-repeat":"repeat","background-position":"center center","background-size":"auto","background-attachment":"scroll","background-type":"","background-media":"","overlay-type":"","overlay-color":"","overlay-opacity":"","overlay-gradient":""},"tablet":{"background-color":"","background-image":"","background-repeat":"repeat","background-position":"center center","background-size":"auto","background-attachment":"scroll","background-type":"","background-media":"","overlay-type":"","overlay-color":"","overlay-opacity":"","overlay-gradient":""},"mobile":{"background-color":"","background-image":"","background-repeat":"repeat","background-position":"center center","background-size":"auto","background-attachment":"scroll","background-type":"","background-media":"","overlay-type":"","overlay-color":"","overlay-opacity":"","overlay-gradient":""}},"ast-content-background-meta":{"desktop":{"background-color":"var(--ast-global-color-5)","background-image":"","background-repeat":"repeat","background-position":"center center","background-size":"auto","background-attachment":"scroll","background-type":"","background-media":"","overlay-type":"","overlay-color":"","overlay-opacity":"","overlay-gradient":""},"tablet":{"background-color":"var(--ast-global-color-5)","background-image":"","background-repeat":"repeat","background-position":"center center","background-size":"auto","background-attachment":"scroll","background-type":"","background-media":"","overlay-type":"","overlay-color":"","overlay-opacity":"","overlay-gradient":""},"mobile":{"background-color":"var(--ast-global-color-5)","background-image":"","background-repeat":"repeat","background-position":"center center","background-size":"auto","background-attachment":"scroll","background-type":"","background-media":"","overlay-type":"","overlay-color":"","overlay-opacity":"","overlay-gradient":""}},"footnotes":""},"class_list":["post-1038","page","type-page","status-publish","hentry"],"uagb_featured_image_src":{"full":false,"thumbnail":false,"medium":false,"medium_large":false,"large":false,"1536x1536":false,"2048x2048":false},"uagb_author_info":{"display_name":"admin","author_link":"https:\/\/bionanomechanics.eu\/oncodeeplasm\/author\/a3p\/"},"uagb_comment_info":0,"uagb_excerpt":"Publications \u00danete a nuestra investigaci\u00f3n","_links":{"self":[{"href":"https:\/\/bionanomechanics.eu\/oncodeeplasm\/wp-json\/wp\/v2\/pages\/1038","targetHints":{"allow":["GET"]}}],"collection":[{"href":"https:\/\/bionanomechanics.eu\/oncodeeplasm\/wp-json\/wp\/v2\/pages"}],"about":[{"href":"https:\/\/bionanomechanics.eu\/oncodeeplasm\/wp-json\/wp\/v2\/types\/page"}],"author":[{"embeddable":true,"href":"https:\/\/bionanomechanics.eu\/oncodeeplasm\/wp-json\/wp\/v2\/users\/1"}],"replies":[{"embeddable":true,"href":"https:\/\/bionanomechanics.eu\/oncodeeplasm\/wp-json\/wp\/v2\/comments?post=1038"}],"version-history":[{"count":11,"href":"https:\/\/bionanomechanics.eu\/oncodeeplasm\/wp-json\/wp\/v2\/pages\/1038\/revisions"}],"predecessor-version":[{"id":1324,"href":"https:\/\/bionanomechanics.eu\/oncodeeplasm\/wp-json\/wp\/v2\/pages\/1038\/revisions\/1324"}],"wp:attachment":[{"href":"https:\/\/bionanomechanics.eu\/oncodeeplasm\/wp-json\/wp\/v2\/media?parent=1038"}],"curies":[{"name":"wp","href":"https:\/\/api.w.org\/{rel}","templated":true}]}}